{"id":2224,"date":"2022-05-09T09:05:06","date_gmt":"2022-05-09T07:05:06","guid":{"rendered":"https:\/\/www.madcameleon.com\/\/legal-notice\/"},"modified":"2022-11-11T07:49:10","modified_gmt":"2022-11-11T06:49:10","slug":"legal-notice","status":"publish","type":"page","link":"https:\/\/www.madcameleon.com\/en\/legal-notice\/","title":{"rendered":"Legal Notice"},"content":{"rendered":"<h2>Legal notice<\/h2>\n<div>\u00a0<\/div>\n<div>The Director of the publication of the site is _____ in his capacity as General Manager of Madcam\u00e9l\u00e9on.<\/div>\n<div>\u00a0<\/div>\n<h2>MADCAM\u00c9L\u00c9ON<\/h2>\n<div>\u00a0<\/div>\n<div>Rue Rasamoelina &#8211; Tana 101<\/div>\n<div>\u00a0<\/div>\n<h2>NIF\/STAT<\/h2>\n<div>\u00a0<\/div>\n<div>0000000000 \/ 00000000000000000 Limited company with a capital of 10 000 000 Ar<\/div>\n<div>\u00a0<\/div>\n<h2>GRAPHIC DESIGN &amp; DEVELOPMENT<\/h2>\n<div>\u00a0<\/div>\n<div>PULSE<\/div>\n<div>\u00a0<\/div>\n<h2>HOSTING<\/h2>\n<div>\u00a0<\/div>\n<div>PULSE The user of the website acknowledges having the necessary competence and means to access and use this website. The user also acknowledges having read the present legal notice and undertakes to respect it. The information provided by Madcam\u00e9l\u00e9on on the website is for information purposes only. Madcam\u00e9l\u00e9on does not guarantee the accuracy, completeness and topicality of the information provided on its website. Consequently, the user acknowledges that he\/she uses this information under his\/her exclusive responsibility. The Madcam\u00e9l\u00e9on website is normally accessible 24 hours a day, 7 days a week. Regardless of cases of force majeure, computer difficulties, difficulties related to the structure of telecommunications networks or technical difficulties, for maintenance reasons, without this list being exhaustive, access to all or part of the website may be suspended or removed by simple decision of Madcam\u00e9l\u00e9on. The website may be modified and changed without notice. In accordance with the provisions of the law of January 6, 1978 relating to data processing, files and freedoms, the automated processing of personal data from the website has been declared to the National Commission for Data Processing and Freedoms (CNIL). The user is informed that, in accordance with article 27 of the French law on data processing, data files and individual liberties of January 6, 1978, the information communicated by the user through the forms present on the website are necessary to answer his\/her request and are intended for the company Madcam\u00e9l\u00e9on only for administrative and commercial management purposes. The user is informed that he\/she has the right to access and rectify his\/her personal data by writing to Madcam\u00e9l\u00e9on. The User is informed that during his visits to the website, a cookie may be automatically installed on his browser. A cookie is a block of data that does not identify the User but is used to record information about the User&#8217;s navigation on the Website. The parameter setting of the navigation software makes it possible to inform of the presence of the cookie and possibly to refuse it. It is however specified that for technical reasons the fact of deactivating the cookies can limit the access to the website by the user. The users of the Madcam\u00e9l\u00e9on website are required to respect the provisions of the law relating to data processing, files and freedoms, the violation of which is liable to penal sanctions. In particular, they must refrain from any misuse of the personal information they access and, in general, from any act likely to infringe the privacy or reputation of individuals. The trademarks of Madcam\u00e9l\u00e9on and its partners, as well as the logos appearing on the website are registered trademarks (semi-figurative or not). Any total or partial reproduction of these brands and\/or logos, made from the elements of the website without the express authorization of Madcam\u00e9l\u00e9on is therefore prohibited, according to the article L713-2 of the Intellectual Property Code. The general structure, as well as the software, texts, images (animated or not), sounds, know-how&#8230;, and all other elements composing the website are the exclusive property of Madcam\u00e9l\u00e9on. The content of the website is governed by French law. The content of the website is governed by French law and will be assessed by the competent French jurisdiction. The rules of conflicts of law are excluded in favor of the complete and unreserved application of French law. EDM makes every effort to provide users with available and verified information and\/or tools, but cannot be held responsible for errors, lack of availability of information and\/or the presence of viruses on its website.<\/div>\n","protected":false},"excerpt":{"rendered":"<p>Legal notice \u00a0 The Director of the publication of the site is _____ in his capacity as General Manager of Madcam\u00e9l\u00e9on. \u00a0 MADCAM\u00c9L\u00c9ON \u00a0 Rue Rasamoelina &#8211; Tana 101 \u00a0 NIF\/STAT \u00a0 0000000000 \/ 00000000000000000 Limited company with a capital of 10 000 000 Ar \u00a0 GRAPHIC DESIGN &amp; DEVELOPMENT \u00a0 PULSE \u00a0 HOSTING \u00a0 [&hellip;]<\/p>\n","protected":false},"author":2739,"featured_media":1563,"parent":0,"menu_order":0,"comment_status":"closed","ping_status":"closed","template":"","meta":{"_acf_changed":false,"_oasis_is_in_workflow":0,"_oasis_original":0,"footnotes":""},"class_list":["post-2224","page","type-page","status-publish","has-post-thumbnail","hentry"],"acf":[],"yoast_head":"\n<title>Legal Notice | MadCameleon<\/title>\n<meta name=\"robots\" content=\"index, follow, max-snippet:-1, max-image-preview:large, max-video-preview:-1\" \/>\n<link rel=\"canonical\" href=\"https:\/\/www.madcameleon.com\/en\/legal-notice\/\" \/>\n<meta property=\"og:locale\" content=\"en_US\" \/>\n<meta property=\"og:type\" content=\"article\" \/>\n<meta property=\"og:title\" content=\"Legal Notice | MadCameleon\" \/>\n<meta property=\"og:description\" content=\"Legal notice \u00a0 The Director of the publication of the site is _____ in his capacity as General Manager of Madcam\u00e9l\u00e9on. \u00a0 MADCAM\u00c9L\u00c9ON \u00a0 Rue Rasamoelina &#8211; Tana 101 \u00a0 NIF\/STAT \u00a0 0000000000 \/ 00000000000000000 Limited company with a capital of 10 000 000 Ar \u00a0 GRAPHIC DESIGN &amp; DEVELOPMENT \u00a0 PULSE \u00a0 HOSTING \u00a0 [&hellip;]\" \/>\n<meta property=\"og:url\" content=\"https:\/\/www.madcameleon.com\/en\/legal-notice\/\" \/>\n<meta property=\"og:site_name\" content=\"MadCameleon\" \/>\n<meta property=\"article:publisher\" content=\"https:\/\/www.facebook.com\/mad.cameleon\/\" \/>\n<meta property=\"article:modified_time\" content=\"2022-11-11T06:49:10+00:00\" \/>\n<meta property=\"og:image\" content=\"https:\/\/www.madcameleon.com\/wp-content\/uploads\/2022\/05\/bann-1-1.png\" \/>\n\t<meta property=\"og:image:width\" content=\"1312\" \/>\n\t<meta property=\"og:image:height\" content=\"453\" \/>\n\t<meta property=\"og:image:type\" content=\"image\/png\" \/>\n<meta name=\"twitter:card\" content=\"summary_large_image\" \/>\n<meta name=\"twitter:site\" content=\"@madcameleon\" \/>\n<meta name=\"twitter:label1\" content=\"Est. reading time\" \/>\n\t<meta name=\"twitter:data1\" content=\"3 minutes\" \/>\n<script type=\"application\/ld+json\" class=\"yoast-schema-graph\">{\"@context\":\"https:\/\/schema.org\",\"@graph\":[{\"@type\":\"WebPage\",\"@id\":\"https:\/\/www.madcameleon.com\/en\/legal-notice\/\",\"url\":\"https:\/\/www.madcameleon.com\/en\/legal-notice\/\",\"name\":\"Legal Notice | MadCameleon\",\"isPartOf\":{\"@id\":\"https:\/\/www.madcameleon.com\/#website\"},\"primaryImageOfPage\":{\"@id\":\"https:\/\/www.madcameleon.com\/en\/legal-notice\/#primaryimage\"},\"image\":{\"@id\":\"https:\/\/www.madcameleon.com\/en\/legal-notice\/#primaryimage\"},\"thumbnailUrl\":\"https:\/\/www.madcameleon.com\/wp-content\/uploads\/2022\/05\/bann-1-1.png\",\"datePublished\":\"2022-05-09T07:05:06+00:00\",\"dateModified\":\"2022-11-11T06:49:10+00:00\",\"breadcrumb\":{\"@id\":\"https:\/\/www.madcameleon.com\/en\/legal-notice\/#breadcrumb\"},\"inLanguage\":\"en-US\",\"potentialAction\":[{\"@type\":\"ReadAction\",\"target\":[\"https:\/\/www.madcameleon.com\/en\/legal-notice\/\"]}]},{\"@type\":\"ImageObject\",\"inLanguage\":\"en-US\",\"@id\":\"https:\/\/www.madcameleon.com\/en\/legal-notice\/#primaryimage\",\"url\":\"https:\/\/www.madcameleon.com\/wp-content\/uploads\/2022\/05\/bann-1-1.png\",\"contentUrl\":\"https:\/\/www.madcameleon.com\/wp-content\/uploads\/2022\/05\/bann-1-1.png\",\"width\":1312,\"height\":453},{\"@type\":\"BreadcrumbList\",\"@id\":\"https:\/\/www.madcameleon.com\/en\/legal-notice\/#breadcrumb\",\"itemListElement\":[{\"@type\":\"ListItem\",\"position\":1,\"name\":\"Home\",\"item\":\"https:\/\/www.madcameleon.com\/en\/\"},{\"@type\":\"ListItem\",\"position\":2,\"name\":\"Legal Notice\"}]},{\"@type\":\"WebSite\",\"@id\":\"https:\/\/www.madcameleon.com\/#website\",\"url\":\"https:\/\/www.madcameleon.com\/\",\"name\":\"MadCameleon\",\"description\":\"Tour op\u00e9rateur expert du voyage \u00e0 Madagascar\",\"publisher\":{\"@id\":\"https:\/\/www.madcameleon.com\/#organization\"},\"potentialAction\":[{\"@type\":\"SearchAction\",\"target\":{\"@type\":\"EntryPoint\",\"urlTemplate\":\"https:\/\/www.madcameleon.com\/?s={search_term_string}\"},\"query-input\":{\"@type\":\"PropertyValueSpecification\",\"valueRequired\":true,\"valueName\":\"search_term_string\"}}],\"inLanguage\":\"en-US\"},{\"@type\":\"Organization\",\"@id\":\"https:\/\/www.madcameleon.com\/#organization\",\"name\":\"MadCameleon\",\"url\":\"https:\/\/www.madcameleon.com\/\",\"logo\":{\"@type\":\"ImageObject\",\"inLanguage\":\"en-US\",\"@id\":\"https:\/\/www.madcameleon.com\/#\/schema\/logo\/image\/\",\"url\":\"https:\/\/www.madcameleon.com\/wp-content\/uploads\/2022\/03\/lgo_Madcameleon.png\",\"contentUrl\":\"https:\/\/www.madcameleon.com\/wp-content\/uploads\/2022\/03\/lgo_Madcameleon.png\",\"width\":193,\"height\":69,\"caption\":\"MadCameleon\"},\"image\":{\"@id\":\"https:\/\/www.madcameleon.com\/#\/schema\/logo\/image\/\"},\"sameAs\":[\"https:\/\/www.facebook.com\/mad.cameleon\/\",\"https:\/\/x.com\/madcameleon\",\"https:\/\/www.instagram.com\/madcameleon\"]}]}<\/script>\n","yoast_head_json":{"title":"Legal Notice | MadCameleon","robots":{"index":"index","follow":"follow","max-snippet":"max-snippet:-1","max-image-preview":"max-image-preview:large","max-video-preview":"max-video-preview:-1"},"canonical":"https:\/\/www.madcameleon.com\/en\/legal-notice\/","og_locale":"en_US","og_type":"article","og_title":"Legal Notice | MadCameleon","og_description":"Legal notice \u00a0 The Director of the publication of the site is _____ in his capacity as General Manager of Madcam\u00e9l\u00e9on. \u00a0 MADCAM\u00c9L\u00c9ON \u00a0 Rue Rasamoelina &#8211; Tana 101 \u00a0 NIF\/STAT \u00a0 0000000000 \/ 00000000000000000 Limited company with a capital of 10 000 000 Ar \u00a0 GRAPHIC DESIGN &amp; DEVELOPMENT \u00a0 PULSE \u00a0 HOSTING \u00a0 [&hellip;]","og_url":"https:\/\/www.madcameleon.com\/en\/legal-notice\/","og_site_name":"MadCameleon","article_publisher":"https:\/\/www.facebook.com\/mad.cameleon\/","article_modified_time":"2022-11-11T06:49:10+00:00","og_image":[{"width":1312,"height":453,"url":"https:\/\/www.madcameleon.com\/wp-content\/uploads\/2022\/05\/bann-1-1.png","type":"image\/png"}],"twitter_card":"summary_large_image","twitter_site":"@madcameleon","twitter_misc":{"Est. reading time":"3 minutes"},"schema":{"@context":"https:\/\/schema.org","@graph":[{"@type":"WebPage","@id":"https:\/\/www.madcameleon.com\/en\/legal-notice\/","url":"https:\/\/www.madcameleon.com\/en\/legal-notice\/","name":"Legal Notice | MadCameleon","isPartOf":{"@id":"https:\/\/www.madcameleon.com\/#website"},"primaryImageOfPage":{"@id":"https:\/\/www.madcameleon.com\/en\/legal-notice\/#primaryimage"},"image":{"@id":"https:\/\/www.madcameleon.com\/en\/legal-notice\/#primaryimage"},"thumbnailUrl":"https:\/\/www.madcameleon.com\/wp-content\/uploads\/2022\/05\/bann-1-1.png","datePublished":"2022-05-09T07:05:06+00:00","dateModified":"2022-11-11T06:49:10+00:00","breadcrumb":{"@id":"https:\/\/www.madcameleon.com\/en\/legal-notice\/#breadcrumb"},"inLanguage":"en-US","potentialAction":[{"@type":"ReadAction","target":["https:\/\/www.madcameleon.com\/en\/legal-notice\/"]}]},{"@type":"ImageObject","inLanguage":"en-US","@id":"https:\/\/www.madcameleon.com\/en\/legal-notice\/#primaryimage","url":"https:\/\/www.madcameleon.com\/wp-content\/uploads\/2022\/05\/bann-1-1.png","contentUrl":"https:\/\/www.madcameleon.com\/wp-content\/uploads\/2022\/05\/bann-1-1.png","width":1312,"height":453},{"@type":"BreadcrumbList","@id":"https:\/\/www.madcameleon.com\/en\/legal-notice\/#breadcrumb","itemListElement":[{"@type":"ListItem","position":1,"name":"Home","item":"https:\/\/www.madcameleon.com\/en\/"},{"@type":"ListItem","position":2,"name":"Legal Notice"}]},{"@type":"WebSite","@id":"https:\/\/www.madcameleon.com\/#website","url":"https:\/\/www.madcameleon.com\/","name":"MadCameleon","description":"Tour op\u00e9rateur expert du voyage \u00e0 Madagascar","publisher":{"@id":"https:\/\/www.madcameleon.com\/#organization"},"potentialAction":[{"@type":"SearchAction","target":{"@type":"EntryPoint","urlTemplate":"https:\/\/www.madcameleon.com\/?s={search_term_string}"},"query-input":{"@type":"PropertyValueSpecification","valueRequired":true,"valueName":"search_term_string"}}],"inLanguage":"en-US"},{"@type":"Organization","@id":"https:\/\/www.madcameleon.com\/#organization","name":"MadCameleon","url":"https:\/\/www.madcameleon.com\/","logo":{"@type":"ImageObject","inLanguage":"en-US","@id":"https:\/\/www.madcameleon.com\/#\/schema\/logo\/image\/","url":"https:\/\/www.madcameleon.com\/wp-content\/uploads\/2022\/03\/lgo_Madcameleon.png","contentUrl":"https:\/\/www.madcameleon.com\/wp-content\/uploads\/2022\/03\/lgo_Madcameleon.png","width":193,"height":69,"caption":"MadCameleon"},"image":{"@id":"https:\/\/www.madcameleon.com\/#\/schema\/logo\/image\/"},"sameAs":["https:\/\/www.facebook.com\/mad.cameleon\/","https:\/\/x.com\/madcameleon","https:\/\/www.instagram.com\/madcameleon"]}]}},"_links":{"self":[{"href":"https:\/\/www.madcameleon.com\/en\/wp-json\/wp\/v2\/pages\/2224","targetHints":{"allow":["GET"]}}],"collection":[{"href":"https:\/\/www.madcameleon.com\/en\/wp-json\/wp\/v2\/pages"}],"about":[{"href":"https:\/\/www.madcameleon.com\/en\/wp-json\/wp\/v2\/types\/page"}],"author":[{"embeddable":true,"href":"https:\/\/www.madcameleon.com\/en\/wp-json\/wp\/v2\/users\/2739"}],"replies":[{"embeddable":true,"href":"https:\/\/www.madcameleon.com\/en\/wp-json\/wp\/v2\/comments?post=2224"}],"version-history":[{"count":0,"href":"https:\/\/www.madcameleon.com\/en\/wp-json\/wp\/v2\/pages\/2224\/revisions"}],"wp:featuredmedia":[{"embeddable":true,"href":"https:\/\/www.madcameleon.com\/en\/wp-json\/wp\/v2\/media\/1563"}],"wp:attachment":[{"href":"https:\/\/www.madcameleon.com\/en\/wp-json\/wp\/v2\/media?parent=2224"}],"curies":[{"name":"wp","href":"https:\/\/api.w.org\/{rel}","templated":true}]}}